{"id":396,"date":"2018-04-06T18:01:26","date_gmt":"2018-04-06T16:01:26","guid":{"rendered":"http:\/\/www.dr-land.de\/de\/?page_id=396"},"modified":"2026-01-19T17:29:16","modified_gmt":"2026-01-19T16:29:16","slug":"publikationen","status":"publish","type":"page","link":"https:\/\/www.dr-land.de\/de\/publikationen\/","title":{"rendered":"Publikationen"},"content":{"rendered":"<div id=\"pl-396\"  class=\"panel-layout\" ><div id=\"pg-396-0\"  class=\"panel-grid panel-has-style\" ><div style=\"padding: 10px 0; \" data-overlay=\"true\" data-overlay-color=\"#000000\" class=\"panel-row-style panel-row-style-for-396-0\" ><div id=\"pgc-396-0-0\"  class=\"panel-grid-cell\" ><div id=\"panel-396-0-0-0\" class=\"widget_text so-panel widget widget_custom_html panel-first-child\" data-index=\"0\" ><div style=\"text-align: left;\" data-title-color=\"#443f3f\" data-headings-color=\"#443f3f\" class=\"widget_text panel-widget-style panel-widget-style-for-396-0-0-0\" ><div class=\"textwidget custom-html-widget\"><p style= \"margin-bottom: 5px;\"><b>Charlottenburg-Wilmersdorf:<\/b> \u201eSeesener Stra\u00dfe&nbsp;20, Gartenhof\u201c, \u201eCunostra\u00dfe&nbsp;75\u201394, Siedlungsgr\u00fcn Reichsbanksiedlung Schmargendorf\u201c, \u201eKurf\u00fcrstendamm&nbsp;173\u2013174, Gartenhof\u201c, \u201eUhlandstra\u00dfe&nbsp;161, Gartenhof\u201c, \u201eWeimarische Stra\u00dfe&nbsp;5, Gartenhof\u201c;<\/p>\n<p style= \"margin-bottom: 5px;\"><b>Friedrichshain-Kreuzberg:<\/b> \u201eHelenenhof&nbsp;1\u20138, Siedlungsgr\u00fcn Helenenhof\u201c, \u201eObentrautstra\u00dfe&nbsp;32, Gartenhof\u201c, \u201eWartenburgstra\u00dfe&nbsp;1\u20131F, Vorgarten und Ehrenhof\u201c;<\/p>\n<p style= \"margin-bottom: 5px;\"><b>Lichtenberg:<\/b> \u201eGro\u00dfe-Leege-Stra\u00dfe&nbsp;68\u201382, Siedlungsgr\u00fcn Wohnsiedlung Flusspferdhof\u201c, \u201eSiegfriedstra\u00dfe&nbsp;17\u201327B, Siedlungsgr\u00fcn Wohnanlage der BVG\u201c, \u201eKraetkestra\u00dfe&nbsp;3\/41, Siedlungsgr\u00fcn Wohnanlage Ulmenhof\u201c;<\/p>\n<p style= \"margin-bottom: 5px;\"><b>Mitte:<\/b> \u201eHansaplatz, Siedlungsgr\u00fcn Hansaviertel\u201c, \u201eKoppenplatz&nbsp;11, Gartenhof Hollmannsche Wilhelminen-Amalien-Stiftung\u201c, \u201eBristolstra\u00dfe&nbsp;1\/11, Siedlungsgr\u00fcn Wohnsiedlung am Schillerpark\u201c;<\/p>\n<p style= \"margin-bottom: 5px;\"><b>Neuk\u00f6lln:<\/b> \u201eHannemannstra\u00dfe&nbsp;24\/34, Gartenhof\u201c, \u201eBoddinstra\u00dfe&nbsp;21, Gartenhof\u201c, \u201eKarl-Marx-Stra\u00dfe&nbsp;65\/67, Gartenhof\u201c;<\/p>\n<p style= \"margin-bottom: 5px;\"><b>Pankow:<\/b> \u201eAchtermannstra\u00dfe&nbsp;38\u201348, Siedlungsgr\u00fcn Wohnanlage Paracelsusstra\u00dfe II\u201c, \u201eAmalienpark&nbsp;1\u20138, Siedlungsgr\u00fcn Wohnanlage Amalienpark\u201c, \u201eMendelstra\u00dfe&nbsp;41, Vorgarten und Gartenhof\u201c, \u201eWisbyer Stra\u00dfe&nbsp;43\u201344, Vorg\u00e4rten und Gartenhof Lehrerinnenheim\u201c, \u201eGreifenhagener Stra\u00dfe&nbsp;56\u201357, Gartenhof\u201c, \u201eGrellstra\u00dfe&nbsp;39\u201353, Siedlungsgr\u00fcn Wohnanlage Grellstra\u00dfe\u201c, \u201eGartenstra\u00dfe&nbsp;30\u201334, Vorg\u00e4rten und Gartenhof\u201c;<\/p>\n<p style= \"margin-bottom: 5px;\"><b>Reinickendorf:<\/b> \u201eOranienburger Stra\u00dfe&nbsp;221\u2013228, Siedlungsgr\u00fcn Siedlung Wittenau\u201c;<\/p>\n<p style= \"margin-bottom: 5px;\"><b>Spandau:<\/b> \u201eAkazienweg&nbsp;1\u20134, Siedlungsgr\u00fcn Waldsiedlung Hakenfelde\u201c, \u201eRohrdamm&nbsp;35\u201354, Siedlungsgr\u00fcn Siedlung Siemensstadt\u201c, \u201eAdamstra\u00dfe&nbsp;29\u201331, Siedlungsgr\u00fcn\u201c, \u201ePichelsdorfer Stra\u00dfe&nbsp;28\/42, Siedlungsgr\u00fcn Siedlung Birkenw\u00e4ldchen\u201c;<\/p>\n<p style= \"margin-bottom: 5px;\"><b>Steglitz-Zehlendorf:<\/b> \u201eLadenbergstra\u00dfe&nbsp;22\u201324, Siedlungsgr\u00fcn Wohnanlage Dahlem II\u201c, \u201eBassermannweg&nbsp;7B\u201311A, Vorg\u00e4rten\u201c, \u201eHindenburgdamm&nbsp;81\u201382, Gartenhof\u201c, \u201eHortensienstra\u00dfe&nbsp;19\u201321C, Vorgarten und Gartenhof\u201c, \u201eFritschweg&nbsp;1\u201316, Siedlungsgr\u00fcn Wohnanlage Steglitz II\u201c, \u201eWasgenstra\u00dfe&nbsp;75, Siedlungsgr\u00fcn Studentendorf Schlachtensee\u201c, \u201eBerliner Stra\u00dfe&nbsp;27\/35A, 37, Vorg\u00e4rten\u201c;<\/p>\n<p style= \"margin-bottom: 5px;\"><b>Tempelhof-Sch\u00f6neberg:<\/b> \u201ePerelsplatz&nbsp;14\u201315 und 16, Vorg\u00e4rten und Gartenhof\u201c, \u201eRheinstra\u00dfe&nbsp;11, Gartenhof\u201c, \u201eSchmiljanstra\u00dfe&nbsp;28, Gartenhof\u201c, \u201eStierstra\u00dfe&nbsp;14\u201315, Gartenhof\u201c, \u201eApostel-Paulus-Stra\u00dfe&nbsp;7, Gartenhof\u201c, \u201eViktoria-Luise-Platz&nbsp;12A, Vorgarten und Gartenhof\u201c, \u201eAlt-Tempelhof&nbsp;46\u201352, Ehrenhof und Gartenh\u00f6fe\u201c, \u201eFriedrich-Wilhelm-Stra\u00dfe&nbsp;25\u201326, Gartenh\u00f6fe\u201c, \u201eOberlandstra\u00dfe&nbsp;96\u2013101, Siedlungsgr\u00fcn Wohnanlage Germania- und Oberlandgarten\u201c;<\/p>\n<p style= \"margin-bottom: 5px;\"><b>Treptow-K\u00f6penick:<\/b> \u201eAnna-Seghers-Stra\u00dfe&nbsp;121\/133, Vorg\u00e4rten und Gartenhof\u201c, \u201ePflanzgartenplatz, Siedlungsgr\u00fcn Landhaussiedlung Uhlenhorst\u201c, \u201eHelmholtzstra\u00dfe&nbsp;5, Gartenhof\u201c<\/p>\n<i>in: Landesdenkmalamt Berlin (Hrsg.), Gartendenkmale in Berlin. Siedlungsgr\u00fcn, Wei\u00dfenhorn 2025,<br \/>S.&nbsp;33\u201338, S.&nbsp;44, S.&nbsp;51\u201356, S.&nbsp;63\u201364, S.&nbsp;69\u201377, S.&nbsp;79\u201383, S.&nbsp;85, S.&nbsp;93\u201396, S.&nbsp;105, S.&nbsp;109, S.&nbsp;111\u2013116, S.&nbsp;121\u2013125, S.&nbsp;127, S.&nbsp;138\u2013146, S.&nbsp;151\u2013152, S.&nbsp;154\u2013160, S.&nbsp;162\u2013164, S.&nbsp;166\u2013168, S.&nbsp;170, S.&nbsp;173\u2013175; S.&nbsp;177\u2013178, S.&nbsp;180, S.&nbsp;189\u2013197, S.&nbsp;203\u2013205<\/i><\/div><\/div><\/div><div id=\"panel-396-0-0-1\" class=\"widget_text so-panel widget widget_custom_html\" data-index=\"1\" ><div style=\"text-align: left;\" data-title-color=\"#443f3f\" data-headings-color=\"#443f3f\" class=\"widget_text panel-widget-style panel-widget-style-for-396-0-0-1\" ><div class=\"textwidget custom-html-widget\"><b>\u201eGarten | Volk | Landschaft | Kunst. Leben und Werk des Gartenarchitekten Gustav Allinger (1891\u20131974)\u201c<\/b><br \/>\n<i>Berliner Wissenschafts-Verlag, 2021<\/i><\/div><\/div><\/div><div id=\"panel-396-0-0-2\" class=\"widget_text so-panel widget widget_custom_html\" data-index=\"2\" ><div style=\"text-align: left;\" data-title-color=\"#443f3f\" data-headings-color=\"#443f3f\" class=\"widget_text panel-widget-style panel-widget-style-for-396-0-0-2\" ><div class=\"textwidget custom-html-widget\"><b>\u201eF\u00fcr \u201aein neues gesundes Berlin\u2018 \u2013 Der Volkspark Jungfernheide\u201c<\/b><br \/>\n<i>in: Landesdenkmalamt Berlin (Hrsg.), Sechs Siedlungen der Berliner Moderne. Entwicklungen und Erfahrungen in der UNESCO-Welterbest\u00e4tte, Beitr\u00e4ge zur Denkmalpflege in Berlin, Bd. 56, Berlin 2021, S. 207\u2013215<\/i><br \/><\/div><\/div><\/div><div id=\"panel-396-0-0-3\" class=\"widget_text so-panel widget widget_custom_html\" data-index=\"3\" ><div style=\"text-align: left;\" data-title-color=\"#443f3f\" data-headings-color=\"#443f3f\" class=\"widget_text panel-widget-style panel-widget-style-for-396-0-0-3\" ><div class=\"textwidget custom-html-widget\"><b>\u201eDas Gr\u00fcn f\u00fcr den \u201adeutschen Kraftstoff\u2018: Die Arbeiten des Gartenarchitekten Gustav Allinger in Wesseling. Teil I und II\u201c<\/b><br \/>\n<i>in: Wesselinger Heimat- und Geschichtsbl\u00e4tter, Heft 76, 2021, S. 15\u201321, Heft 77, 2021, S. 8\u201314<\/i><br \/><\/div><\/div><\/div><div id=\"panel-396-0-0-4\" class=\"widget_text so-panel widget widget_custom_html\" data-index=\"4\" ><div style=\"text-align: left;\" data-title-color=\"#443f3f\" data-headings-color=\"#443f3f\" class=\"widget_text panel-widget-style panel-widget-style-for-396-0-0-4\" ><div class=\"textwidget custom-html-widget\"><b>\u201eDer Park und sein Sch\u00f6pfer Erwin Barth\u201c<\/b><br \/>\n<i>in: Irene Fritsch und Katja Baumeister-Frenzel (Hrsg.), im Auftrag der Parkvereine B\u00fcrger f\u00fcr den Lietzensee e.&nbsp;V. und ParkHaus Lietzensee e.&nbsp;V., Festschrift 100 Jahre Lietzenseepark 1920\u20132020, Berlin 2020, S. 12\u201323 und 138<\/i><br \/><\/div><\/div><\/div><div id=\"panel-396-0-0-5\" class=\"widget_text so-panel widget widget_custom_html\" data-index=\"5\" ><div style=\"text-align: left;\" data-title-color=\"#443f3f\" data-headings-color=\"#443f3f\" class=\"widget_text panel-widget-style panel-widget-style-for-396-0-0-5\" ><div class=\"textwidget custom-html-widget\"><b>\u201eDer ungesehene Barth. Fotos und Zeichnungen von Erwin und J\u00fcrgen Barth im Landesdenkmalamt Berlin\u201c<\/b><br \/>\n<i>mit Leonie Glabau, Landesdenkmalamt Berlin, Beitr\u00e4ge zur Denkmalpflege in Berlin, Bd. 53, Berlin 2020<\/i><br \/><\/div><\/div><\/div><div id=\"panel-396-0-0-6\" class=\"widget_text so-panel widget widget_custom_html\" data-index=\"6\" ><div style=\"text-align: left;\" data-title-color=\"#443f3f\" data-headings-color=\"#443f3f\" class=\"widget_text panel-widget-style panel-widget-style-for-396-0-0-6\" ><div class=\"textwidget custom-html-widget\"><b>\u201eGesch\u00e4tzt und bewundert, beneidet und angefeindet. Eine Buchver\u00f6ffentlichung zu Leben und Werk Gustav Allingers\u201c<\/b><br \/>\n<i>in: Gartenkunst, Wernersche Verlagsgesellschaft, 2\/2019, S. 161\u2013184<\/i><br \/><\/div><\/div><\/div><div id=\"panel-396-0-0-7\" class=\"widget_text so-panel widget widget_custom_html\" data-index=\"7\" ><div style=\"text-align: left;\" data-title-color=\"#443f3f\" data-headings-color=\"#443f3f\" class=\"widget_text panel-widget-style panel-widget-style-for-396-0-0-7\" ><div class=\"textwidget custom-html-widget\"><b>\u201eErwin Barth (1880-1933)\u201c<\/b><br \/>\n<i>in: Jessica H\u00e4nsel, J\u00f6rg Haspel, Christiane Salge, Kerstin Wittmann-Englert (Historische Kommission Berlin), Baumeister, Ingenieure, Gartenarchitekten \u2013 Berlinische Lebensbilder Band 11, Berlin 2016, S. 551\u2013570<\/i><br \/>\n<\/div><\/div><\/div><div id=\"panel-396-0-0-8\" class=\"widget_text so-panel widget widget_custom_html\" data-index=\"8\" ><div style=\"text-align: left;\" data-title-color=\"#443f3f\" data-headings-color=\"#443f3f\" class=\"widget_text panel-widget-style panel-widget-style-for-396-0-0-8\" ><div class=\"textwidget custom-html-widget\"><b>\u201eLietzenseepark mit Witzlebenplatz\u201c, \u201eDernburgplatz\u201c, \u201eKuno-Fischer-Platz\u201c, \u201eVolkspark Jungfernheide\u201c, \u201eVolkspark Rehberge mit Goethepark\u201c<\/b><br \/>\n<i>in: Landesdenkmalamt Berlin (Hrsg.), Gartendenkmale in Berlin. Parkanlagen und Stadtpl\u00e4tze, Petersberg 2013,<br \/>S. 34\u201339, S. 40, S. 41, S. 58\u201365, S. 208\u2013213<\/i><br \/>\n<\/div><\/div><\/div><div id=\"panel-396-0-0-9\" class=\"widget_text so-panel widget widget_custom_html\" data-index=\"9\" ><div style=\"text-align: left;\" data-title-color=\"#443f3f\" data-headings-color=\"#443f3f\" class=\"widget_text panel-widget-style panel-widget-style-for-396-0-0-9\" ><div class=\"textwidget custom-html-widget\"><b>\u201eNachlass Gartenarchitekt Gustav Allinger (1891\u20131974). Teil 1 projektbezogenes Findbuch. Teil 2a Findbuch der Archivalien im Archiv der TU Berlin. Teil 2b Findbuch der fotografischen Archivalien im Archiv der TU Berlin. Teil 3 Lebenslauf\/\u00dcbersichtslisten\u201c<\/b><br \/>\n<i>in: Architekturmuseum Berlin\/Archiv der TU Berlin\/B\u00fccherei des Deutschen Gartenbaues (archivinterne Arbeit), Berlin 2012<\/i><br \/>\n<\/div><\/div><\/div><div id=\"panel-396-0-0-10\" class=\"widget_text so-panel widget widget_custom_html\" data-index=\"10\" ><div style=\"text-align: left;\" data-title-color=\"#443f3f\" data-headings-color=\"#443f3f\" class=\"widget_text panel-widget-style panel-widget-style-for-396-0-0-10\" ><div class=\"textwidget custom-html-widget\"><b>\u201eDer Gartenarchitekt Erwin Barth\u201c<\/b><br \/>\n<i>in: Peter Hahn, Berliner Friedh\u00f6fe in Stahnsdorf. Geschichte. Geschichten. Personen, Badenweiler 2010, S. 280\u2013283<\/i><br \/>\n<\/div><\/div><\/div><div id=\"panel-396-0-0-11\" class=\"widget_text so-panel widget widget_custom_html\" data-index=\"11\" ><div style=\"text-align: left;\" data-title-color=\"#443f3f\" data-headings-color=\"#443f3f\" class=\"widget_text panel-widget-style panel-widget-style-for-396-0-0-11\" ><div class=\"textwidget custom-html-widget\"><b>\u201eZwischen Heimat und Moderne \u2013 Die L\u00fcbecker Jahre des Gartenarchitekten Erwin Barth (1880\u20131933)\u201c<\/b><br \/>\n<i>in: Zeitschrift des Vereins f\u00fcr L\u00fcbeckische Geschichte und Altertumskunde, Band 89, L\u00fcbeck 2009, S. 251\u2013274<\/i><br \/>\n<\/div><\/div><\/div><div id=\"panel-396-0-0-12\" class=\"widget_text so-panel widget widget_custom_html\" data-index=\"12\" ><div style=\"text-align: left;\" data-title-color=\"#443f3f\" data-headings-color=\"#443f3f\" class=\"widget_text panel-widget-style panel-widget-style-for-396-0-0-12\" ><div class=\"textwidget custom-html-widget\"><b>Buchbesprechung zu J. Schwarzkopf: \u201eDer Wettbewerb in der Gartenarchitektur\u201c<\/b><br \/>\n<i>in: Die Gartenkunst, Jg. 18, 2\/2006<\/i><br \/>\n<\/div><\/div><\/div><div id=\"panel-396-0-0-13\" class=\"widget_text so-panel widget widget_custom_html\" data-index=\"13\" ><div style=\"text-align: left;\" data-title-color=\"#443f3f\" data-headings-color=\"#443f3f\" class=\"widget_text panel-widget-style panel-widget-style-for-396-0-0-13\" ><div class=\"textwidget custom-html-widget\"><b>\u201eReformzeit. Die Erneuerung der Gartenkunst nach 1900 und die Ausbildung\u201c<\/b><br \/>\n<i>in: TU Berlin, Institut f\u00fcr Landschaftsarchitektur und Umweltplanung (Hrsg.), Perspektive Landschaft, Berlin 2006, S. 104\u2013112<\/i><br \/>\n<\/div><\/div><\/div><div id=\"panel-396-0-0-14\" class=\"widget_text so-panel widget widget_custom_html\" data-index=\"14\" ><div style=\"text-align: left;\" data-title-color=\"#443f3f\" data-headings-color=\"#443f3f\" class=\"widget_text panel-widget-style panel-widget-style-for-396-0-0-14\" ><div class=\"textwidget custom-html-widget\"><b>\u201eErwin Barth: Gartengestaltung als Hochschulstudium \u2013 eine Ausstellung anl\u00e4sslich des Jubil\u00e4ums <i>75 Jahre Hochschulausbildung Landschaftsarchitektur<\/i>\u201c<\/b><br \/>\n<i>in: TU Berlin, Institut f\u00fcr Landschaftsarchitektur und Umweltplanung (Hrsg.), Perspektive Landschaft, Berlin 2006, S. 16\u201365<\/i><br \/>\n<\/div><\/div><\/div><div id=\"panel-396-0-0-15\" class=\"widget_text so-panel widget widget_custom_html\" data-index=\"15\" ><div style=\"text-align: left;\" data-title-color=\"#443f3f\" data-headings-color=\"#443f3f\" class=\"widget_text panel-widget-style panel-widget-style-for-396-0-0-15\" ><div class=\"textwidget custom-html-widget\"><b>\u201eHeimat, Natur und Weltstadt. Leben und Werk des Gartenarchitekten Erwin Barth\u201c<\/b><br \/>\n<i>(mit J\u00fcrgen Wenzel), Verlag Koehler & Amelang, Leipzig 2005<\/i><br \/>\n<\/div><\/div><\/div><div id=\"panel-396-0-0-16\" class=\"widget_text so-panel widget widget_custom_html\" data-index=\"16\" ><div style=\"text-align: left;\" data-title-color=\"#443f3f\" data-headings-color=\"#443f3f\" class=\"widget_text panel-widget-style panel-widget-style-for-396-0-0-16\" ><div class=\"textwidget custom-html-widget\"><b>\u201eFindbuch zu Projekten Erwin Barths\u201c<\/b><br \/>\n<i>in: Architekturmuseum Berlin (archivinterne Arbeit), Berlin 2005<\/i><br \/>\n<\/div><\/div><\/div><div id=\"panel-396-0-0-17\" class=\"widget_text so-panel widget widget_custom_html\" data-index=\"17\" ><div style=\"text-align: left;\" data-title-color=\"#443f3f\" data-headings-color=\"#443f3f\" class=\"widget_text panel-widget-style panel-widget-style-for-396-0-0-17\" ><div class=\"textwidget custom-html-widget\"><b>\u201eErwin Barth (1880\u20131933). Leben und Werk eines Gartenarchitekten im zeitgen\u00f6ssischen Kontext\u201c<\/b><br \/>\n<i>Fakult\u00e4t Planen Bauen Umwelt, TU Berlin 2004<\/i><br \/>\n<\/div><\/div><\/div><div id=\"panel-396-0-0-18\" class=\"widget_text so-panel widget widget_custom_html panel-last-child\" data-index=\"18\" ><div style=\"text-align: left;\" data-title-color=\"#443f3f\" data-headings-color=\"#443f3f\" class=\"widget_text panel-widget-style panel-widget-style-for-396-0-0-18\" ><div class=\"textwidget custom-html-widget\"><b>\u201eErwin Barth \u2013 Fragen zum Freitod eines Gartenarchitekten\u201c<\/b><br \/>\n<i>in: S\u00f6ren Sch\u00f6bel (Hrsg.), Aufhebungen \u2013 Urbane Landschaftsarchitektur als Aufgabe, Berlin 2004, S. 107\u2013117<\/i><br \/>\n<\/div><\/div><\/div><\/div><\/div><\/div><\/div>","protected":false},"excerpt":{"rendered":"<p>Charlottenburg-Wilmersdorf: \u201eSeesener Stra\u00dfe&nbsp;20, Gartenhof\u201c, \u201eCunostra\u00dfe&nbsp;75\u201394, Siedlungsgr\u00fcn Reichsbanksiedlung Schmargendorf\u201c, \u201eKurf\u00fcrstendamm&nbsp;173\u2013174, Gartenhof\u201c, \u201eUhlandstra\u00dfe&nbsp;161, Gartenhof\u201c, \u201eWeimarische Stra\u00dfe&nbsp;5, Gartenhof\u201c; Friedrichshain-Kreuzberg: \u201eHelenenhof&nbsp;1\u20138, Siedlungsgr\u00fcn Helenenhof\u201c, \u201eObentrautstra\u00dfe&nbsp;32, Gartenhof\u201c, \u201eWartenburgstra\u00dfe&nbsp;1\u20131F, [&hellip;]<\/p>\n","protected":false},"author":1,"featured_media":0,"parent":0,"menu_order":0,"comment_status":"closed","ping_status":"closed","template":"","meta":{"footnotes":""},"class_list":["post-396","page","type-page","status-publish","hentry"],"_links":{"self":[{"href":"https:\/\/www.dr-land.de\/de\/wp-json\/wp\/v2\/pages\/396","targetHints":{"allow":["GET"]}}],"collection":[{"href":"https:\/\/www.dr-land.de\/de\/wp-json\/wp\/v2\/pages"}],"about":[{"href":"https:\/\/www.dr-land.de\/de\/wp-json\/wp\/v2\/types\/page"}],"author":[{"embeddable":true,"href":"https:\/\/www.dr-land.de\/de\/wp-json\/wp\/v2\/users\/1"}],"replies":[{"embeddable":true,"href":"https:\/\/www.dr-land.de\/de\/wp-json\/wp\/v2\/comments?post=396"}],"version-history":[{"count":0,"href":"https:\/\/www.dr-land.de\/de\/wp-json\/wp\/v2\/pages\/396\/revisions"}],"wp:attachment":[{"href":"https:\/\/www.dr-land.de\/de\/wp-json\/wp\/v2\/media?parent=396"}],"curies":[{"name":"wp","href":"https:\/\/api.w.org\/{rel}","templated":true}]}}