{"id":31,"date":"2018-04-05T17:50:33","date_gmt":"2018-04-05T15:50:33","guid":{"rendered":"http:\/\/www.dr-land.de\/de\/?page_id=31"},"modified":"2018-04-11T13:29:40","modified_gmt":"2018-04-11T11:29:40","slug":"31-2","status":"publish","type":"page","link":"https:\/\/www.dr-land.de\/de\/","title":{"rendered":""},"content":{"rendered":"<div id=\"pl-31\"  class=\"panel-layout\" ><div id=\"pg-31-0\"  class=\"panel-grid panel-has-style\" ><div style=\"padding: 10px 0; \" data-overlay=\"true\" data-overlay-color=\"#000000\" class=\"panel-row-style panel-row-style-for-31-0\" ><div id=\"pgc-31-0-0\"  class=\"panel-grid-cell\" ><div id=\"panel-31-0-0-0\" class=\"widget_text so-panel widget widget_custom_html panel-first-child\" data-index=\"0\" ><div style=\"text-align: left;\" data-title-color=\"#443f3f\" data-headings-color=\"#443f3f\" class=\"widget_text panel-widget-style panel-widget-style-for-31-0-0-0\" ><div class=\"textwidget custom-html-widget\"><h3>Dr. Dietmar Land<\/h3><br \/>\nB\u00fcro f\u00fcr Gartenkunst _ Gartengeschichte _ Landschaftsarchitektur<br \/>\nHochwildpfad 15<br \/>\n14169 Berlin<br \/>\nTelefon: +49 30 68810909<br \/>\nMobil: +49 163 1909438<br \/>\nE-Mail: <a target=\"_blank\" href=\"&#109;&#x61;&#105;&#x6c;t&#x6f;:&#109;&#x61;&#105;&#x6c;&#64;&#x64;r&#45;&#x6c;&#97;&#x6e;d&#x2e;d&#101;\">m&#97;&#x69;&#x6c;&#64;&#100;&#114;&#x2d;&#x6c;a&#110;&#x64;&#x2e;d&#101;<\/a><br \/><\/div><\/div><\/div><div id=\"panel-31-0-0-1\" class=\"widget_text so-panel widget widget_custom_html\" data-index=\"1\" ><div style=\"text-align: left;\" data-title-color=\"#443f3f\" data-headings-color=\"#443f3f\" class=\"widget_text panel-widget-style panel-widget-style-for-31-0-0-1\" ><h3 class=\"widget-title\">T\u00e4tigkeiten<\/h3><div class=\"textwidget custom-html-widget\"><ul>\n \t<li>Parkpflegewerke<\/li>\n \t<li>Gartendenkmalpflegerische Gutachten<\/li>\n \t<li>Gartendenkmalpflegerische Stellungnahmen<\/li>\n\t<li>Bauliche Ma\u00dfnahmen in Gartendenkmalen<\/li>\n  <li>\u00d6ffentlichkeitsarbeit<\/li>\n\t<li>Beratung zu gartendenkmalpflegerischen Fragestellungen<\/li>\n\t<li>Forschung<\/li>\n<\/ul>\n<\/div><\/div><\/div><div id=\"panel-31-0-0-2\" class=\"widget_text so-panel widget widget_custom_html panel-last-child\" data-index=\"2\" ><div style=\"text-align: left;\" data-title-color=\"#443f3f\" data-headings-color=\"#443f3f\" class=\"widget_text panel-widget-style panel-widget-style-for-31-0-0-2\" ><h3 class=\"widget-title\">Qualifikationen<\/h3><div class=\"textwidget custom-html-widget\"><ul>\n \t<li><b>Dissertation<\/b><br \/>Thema: \u201eErwin Barth (1880\u20131933). Leben und Werk eines Gartenarchitekten im zeitgen\u00f6ssischen Kontext\u201c, Fakult\u00e4t Planen Bauen Umwelt, Technische Universit\u00e4t Berlin<\/li>\n \t<li><b>Master of Art<\/b><br \/>Studiengang \u201eGeschichte der Berlin-Brandenburgischen Kulturlandschaft\u201c, Philosophische Fakult\u00e4t I, Institut f\u00fcr Geschichtswissenschaften, Humboldt-Universit\u00e4t zu Berlin<\/li>\n \t<li><b>Diplom-Ingenieur f\u00fcr Landschaftsplanung<\/b><br \/>Institut f\u00fcr Landschaftsarchitektur und Umweltplanung, Technische Universit\u00e4t Berlin<\/li>\n<\/ul>\n\n<\/div><\/div><\/div><\/div><\/div><\/div><\/div>","protected":false},"excerpt":{"rendered":"<p>Dr. Dietmar Land B\u00fcro f\u00fcr Gartenkunst _ Gartengeschichte _ Landschaftsarchitektur Hochwildpfad 15 14169 Berlin Telefon: +49 30 68810909 Mobil: +49 163 1909438 [&hellip;]<\/p>\n","protected":false},"author":1,"featured_media":0,"parent":0,"menu_order":0,"comment_status":"closed","ping_status":"closed","template":"","meta":{"footnotes":""},"class_list":["post-31","page","type-page","status-publish","hentry"],"_links":{"self":[{"href":"https:\/\/www.dr-land.de\/de\/wp-json\/wp\/v2\/pages\/31","targetHints":{"allow":["GET"]}}],"collection":[{"href":"https:\/\/www.dr-land.de\/de\/wp-json\/wp\/v2\/pages"}],"about":[{"href":"https:\/\/www.dr-land.de\/de\/wp-json\/wp\/v2\/types\/page"}],"author":[{"embeddable":true,"href":"https:\/\/www.dr-land.de\/de\/wp-json\/wp\/v2\/users\/1"}],"replies":[{"embeddable":true,"href":"https:\/\/www.dr-land.de\/de\/wp-json\/wp\/v2\/comments?post=31"}],"version-history":[{"count":0,"href":"https:\/\/www.dr-land.de\/de\/wp-json\/wp\/v2\/pages\/31\/revisions"}],"wp:attachment":[{"href":"https:\/\/www.dr-land.de\/de\/wp-json\/wp\/v2\/media?parent=31"}],"curies":[{"name":"wp","href":"https:\/\/api.w.org\/{rel}","templated":true}]}}