{"id":261,"date":"2018-04-06T13:58:38","date_gmt":"2018-04-06T11:58:38","guid":{"rendered":"http:\/\/www.dr-land.de\/de\/?page_id=261"},"modified":"2022-06-02T10:33:58","modified_gmt":"2022-06-02T08:33:58","slug":"monografie-allinger","status":"publish","type":"page","link":"https:\/\/www.dr-land.de\/de\/forschungsprojekte\/monografie-allinger\/","title":{"rendered":"Forschung zu Gartenarchitekt<br \/>Gustav Allinger (1891\u20131974)"},"content":{"rendered":"<div id=\"pl-261\"  class=\"panel-layout\" ><div id=\"pg-261-0\"  class=\"panel-grid panel-has-style\" ><div style=\"padding: 10px 0; \" data-overlay=\"true\" data-overlay-color=\"#000000\" class=\"panel-row-style panel-row-style-for-261-0\" ><div id=\"pgc-261-0-0\"  class=\"panel-grid-cell\" ><div id=\"panel-261-0-0-0\" class=\"widget_text so-panel widget widget_custom_html panel-first-child\" data-index=\"0\" ><div style=\"text-align: left;\" data-title-color=\"#443f3f\" data-headings-color=\"#443f3f\" class=\"widget_text panel-widget-style panel-widget-style-for-261-0-0-0\" ><div class=\"textwidget custom-html-widget\"><b>am Institut f\u00fcr Geschichte und Theorie der Gestaltung, Universit\u00e4t der K\u00fcnste Berlin<\/b><br \/>\n<br \/>\nGef\u00f6rdert durch die Deutsche Forschungsgemeinschaft DFG, Bonn<br \/>\n<br \/>\n<b>Erarbeitung eines kommentierten Findbuches zum schriftlichen und planerischen Nachlass des Gartenarchitekten Gustav Allinger<\/b><br \/>\n(2009\u20132012)<br \/>\n<br \/>\n<\/div><\/div><\/div><div id=\"panel-261-0-0-1\" class=\"so-panel widget widget_media_gallery\" data-index=\"1\" ><div style=\"text-align: left;\" data-title-color=\"#443f3f\" data-headings-color=\"#443f3f\" class=\"panel-widget-style panel-widget-style-for-261-0-0-1\" ><div id='gallery-1' class='gallery galleryid-261 gallery-columns-3 gallery-size-full'><figure class='gallery-item'>\n\t\t\t<div class='gallery-icon portrait'>\n\t\t\t\t<a href='https:\/\/www.dr-land.de\/de\/wp-content\/uploads\/2018\/04\/Cover-Gustav-Allinger.png' title=\"\" data-rl_title=\"\" class=\"rl-gallery-link\" data-rl_caption=\"\" data-rel=\"lightbox-gallery-1\"><img decoding=\"async\" width=\"1052\" height=\"1489\" data-src=\"https:\/\/www.dr-land.de\/de\/wp-content\/uploads\/2018\/04\/Cover-Gustav-Allinger.png\" class=\"attachment-full size-full lazyload\" alt=\"\u201eNachlass Gartenarchitekt Gustav Allinger, Findbuch Teil 2a\u201c\" aria-describedby=\"gallery-1-517\" data-srcset=\"https:\/\/www.dr-land.de\/de\/wp-content\/uploads\/2018\/04\/Cover-Gustav-Allinger.png 1052w, https:\/\/www.dr-land.de\/de\/wp-content\/uploads\/2018\/04\/Cover-Gustav-Allinger-212x300.png 212w, https:\/\/www.dr-land.de\/de\/wp-content\/uploads\/2018\/04\/Cover-Gustav-Allinger-768x1087.png 768w, https:\/\/www.dr-land.de\/de\/wp-content\/uploads\/2018\/04\/Cover-Gustav-Allinger-723x1024.png 723w, https:\/\/www.dr-land.de\/de\/wp-content\/uploads\/2018\/04\/Cover-Gustav-Allinger-830x1175.png 830w, https:\/\/www.dr-land.de\/de\/wp-content\/uploads\/2018\/04\/Cover-Gustav-Allinger-230x326.png 230w, https:\/\/www.dr-land.de\/de\/wp-content\/uploads\/2018\/04\/Cover-Gustav-Allinger-350x495.png 350w, https:\/\/www.dr-land.de\/de\/wp-content\/uploads\/2018\/04\/Cover-Gustav-Allinger-480x679.png 480w\" data-sizes=\"(max-width: 1052px) 100vw, 1052px\" src=\"data:image\/svg+xml;base64,PHN2ZyB3aWR0aD0iMSIgaGVpZ2h0PSIxIiB4bWxucz0iaHR0cDovL3d3dy53My5vcmcvMjAwMC9zdmciPjwvc3ZnPg==\" style=\"--smush-placeholder-width: 1052px; --smush-placeholder-aspect-ratio: 1052\/1489;\" \/><\/a>\n\t\t\t<\/div>\n\t\t\t\t<figcaption class='wp-caption-text gallery-caption' id='gallery-1-517'>\n\t\t\t\tFindbuch Allinger\n\t\t\t\t<\/figcaption><\/figure><figure class='gallery-item'>\n\t\t\t<div class='gallery-icon portrait'>\n\t\t\t\t<a href='https:\/\/www.dr-land.de\/de\/wp-content\/uploads\/2022\/06\/GARTEN-VOLK-LANDSCHAFT-KUNST.png' title=\"\" data-rl_title=\"\" class=\"rl-gallery-link\" data-rl_caption=\"\" data-rel=\"lightbox-gallery-1\"><img decoding=\"async\" width=\"389\" height=\"549\" data-src=\"https:\/\/www.dr-land.de\/de\/wp-content\/uploads\/2022\/06\/GARTEN-VOLK-LANDSCHAFT-KUNST.png\" class=\"attachment-full size-full lazyload\" alt=\"Buchver\u00f6ffentlichung 2021\" aria-describedby=\"gallery-1-710\" data-srcset=\"https:\/\/www.dr-land.de\/de\/wp-content\/uploads\/2022\/06\/GARTEN-VOLK-LANDSCHAFT-KUNST.png 389w, https:\/\/www.dr-land.de\/de\/wp-content\/uploads\/2022\/06\/GARTEN-VOLK-LANDSCHAFT-KUNST-213x300.png 213w, https:\/\/www.dr-land.de\/de\/wp-content\/uploads\/2022\/06\/GARTEN-VOLK-LANDSCHAFT-KUNST-230x325.png 230w, https:\/\/www.dr-land.de\/de\/wp-content\/uploads\/2022\/06\/GARTEN-VOLK-LANDSCHAFT-KUNST-350x494.png 350w\" data-sizes=\"(max-width: 389px) 100vw, 389px\" src=\"data:image\/svg+xml;base64,PHN2ZyB3aWR0aD0iMSIgaGVpZ2h0PSIxIiB4bWxucz0iaHR0cDovL3d3dy53My5vcmcvMjAwMC9zdmciPjwvc3ZnPg==\" style=\"--smush-placeholder-width: 389px; --smush-placeholder-aspect-ratio: 389\/549;\" \/><\/a>\n\t\t\t<\/div>\n\t\t\t\t<figcaption class='wp-caption-text gallery-caption' id='gallery-1-710'>\n\t\t\t\tBuchver\u00f6ffentlichung 2021\n\t\t\t\t<\/figcaption><\/figure>\n\t\t<\/div>\n<\/div><\/div><div id=\"panel-261-0-0-2\" class=\"widget_text so-panel widget widget_custom_html panel-last-child\" data-index=\"2\" ><div style=\"text-align: left;\" data-title-color=\"#443f3f\" data-headings-color=\"#443f3f\" class=\"widget_text panel-widget-style panel-widget-style-for-261-0-0-2\" ><div class=\"textwidget custom-html-widget\"><b>Monografie zu Leben und Werk des Gartenarchitekten Gustav Allinger (1891\u20131974)<\/b><br \/>\n(2013\u20132021)<br \/>\n<br \/>\n<p>Der Landschaftsarchitekt Gustav Allinger (1891\u20131974) gilt als bedeutender, aber umstrittener Vertreter seiner Profession des 20. Jahrhunderts. Er arbeitete als Gartenarchitekt in den Zwanzigerjahren, war 1933 ma\u00dfgeblich an der Gleichschaltung der berufsst\u00e4ndischen Gruppierungen beteiligt und wirkte als sogenannter Landschaftsanwalt unter der Regie der Nationalsozialisten. Nach 1945 konnte er seine berufliche Laufbahn ohne Unterbrechung fortsetzen, unter anderem ab 1952 als neu berufener Professor f\u00fcr Gartenkunst und Landschaftsgestaltung an der TU Berlin.<\/p>\n<p>Gustav Allingers Gesamtwerk kann deshalb grundlegende Erkenntnisse \u00fcber die Gartenarchitektur und die Freiraumplanung in Deutschland zwischen 1920 und 1970 liefern. An seinem Beispiel kann die Entwicklung der Gartenkunst und des landschaftsarchitektonischen Berufsstandes, die Aufweitung des Berufsfeldes und der Ausbildung, innerhalb von 50 Jahren und unter wechselnden gesellschaftspolitischen Voraussetzungen kritisch nachvollzogen werden.<\/p>\n<p>Sein umfangreicher, zu Beginn des Projekts zum Gro\u00dfteil noch ungeordneter Nachlass befindet sich vorrangig in der Plansammlung des Architekturmuseums sowie im Archiv der TU Berlin. Ziel war es, die Pl\u00e4ne und Photographien, den Schriftverkehr und die Akten fachlich kritisch zu sichten, zu ordnen und in einem kommentierten <b>Findbuch<\/b> zusammenzufassen.<\/p>\n<p>Eine Besonderheit des Forschungsprojekts ist die von Beginn an geplante und mittlerweile erfolgreich durchgef\u00fchrte Zusammenarbeit mit anderen Institutionen, welche sich mit dem Nachlass Gustav Allingers besch\u00e4ftigen: Das Architekturmuseum der TU Berlin hat im Rahmen eines zeitgleich stattfindenden DFG-Projektes die Digitalisierung des planerischen Nachlasses vorgenommen, das Archiv der TU Berlin hat den schriftlichen und fotografischen Teil \u00fcbernommen, sachgerecht konserviert und archiviert. Das an der UdK Berlin angesiedelte Forschungsprojekt hat diese Schritte aus fachlicher und inhaltlicher Sicht unterst\u00fctzt und konnte wiederum auf die geleisteten Vorarbeiten zur\u00fcckgreifen. Dar\u00fcber hinaus wurden f\u00fcr das Landesdenkmalamt Berlin parallel die unter Denkmalschutz stehenden Berliner Privatg\u00e4rten Allingers einer genaueren Untersuchung unterzogen; auch hier entstanden Synergieeffekte f\u00fcr beide Vorhaben.<\/p>\n<p>Nach der Fertigstellung des kommentierten <b>Findbuches<\/b> wurde ab 2013 ein ebenfalls von der DFG unterst\u00fctztes Folgeprojekt durchgef\u00fchrt, mit dem Ziel, das Leben und Werk Gustav Allingers umfassend in einer Monografie vorzustellen.<\/p>\n<p>Die <b>Buchver\u00f6ffentlichung<\/b> ist 2021 im Berliner Wissenschafts-Verlag erschienen. Neben einer vollst\u00e4ndigen Zusammenstellung aller Projekte und beruflichen T\u00e4tigkeiten Gustav Allingers wird sein Wirken in Bezug gesetzt zu den gesellschaftlichen und berufspolitischen Entwicklungen im Wandel der Zeiten.\n<br \/><br \/><b>Titel:<\/b> \u201eGarten\/Volk\/Landschaft\/Kunst. Leben und Werk des Gartenarchitekten Gustav Allinger (1891\u20131974)\u201c, Berliner Wissenschafts-Verlag, Oktober 2021.<\/p>\n\n\n<\/div><\/div><\/div><\/div><\/div><\/div><\/div>","protected":false},"excerpt":{"rendered":"<p>am Institut f\u00fcr Geschichte und Theorie der Gestaltung, Universit\u00e4t der K\u00fcnste Berlin Gef\u00f6rdert durch die Deutsche Forschungsgemeinschaft DFG, Bonn Erarbeitung eines kommentierten [&hellip;]<\/p>\n","protected":false},"author":1,"featured_media":0,"parent":205,"menu_order":0,"comment_status":"closed","ping_status":"closed","template":"","meta":{"footnotes":""},"class_list":["post-261","page","type-page","status-publish","hentry"],"_links":{"self":[{"href":"https:\/\/www.dr-land.de\/de\/wp-json\/wp\/v2\/pages\/261","targetHints":{"allow":["GET"]}}],"collection":[{"href":"https:\/\/www.dr-land.de\/de\/wp-json\/wp\/v2\/pages"}],"about":[{"href":"https:\/\/www.dr-land.de\/de\/wp-json\/wp\/v2\/types\/page"}],"author":[{"embeddable":true,"href":"https:\/\/www.dr-land.de\/de\/wp-json\/wp\/v2\/users\/1"}],"replies":[{"embeddable":true,"href":"https:\/\/www.dr-land.de\/de\/wp-json\/wp\/v2\/comments?post=261"}],"version-history":[{"count":0,"href":"https:\/\/www.dr-land.de\/de\/wp-json\/wp\/v2\/pages\/261\/revisions"}],"up":[{"embeddable":true,"href":"https:\/\/www.dr-land.de\/de\/wp-json\/wp\/v2\/pages\/205"}],"wp:attachment":[{"href":"https:\/\/www.dr-land.de\/de\/wp-json\/wp\/v2\/media?parent=261"}],"curies":[{"name":"wp","href":"https:\/\/api.w.org\/{rel}","templated":true}]}}