{"id":182,"date":"2018-04-06T12:17:22","date_gmt":"2018-04-06T10:17:22","guid":{"rendered":"http:\/\/www.dr-land.de\/de\/?page_id=182"},"modified":"2018-04-10T15:06:52","modified_gmt":"2018-04-10T13:06:52","slug":"impressum","status":"publish","type":"page","link":"https:\/\/www.dr-land.de\/de\/impressum\/","title":{"rendered":"Impressum"},"content":{"rendered":"<div id=\"pl-182\"  class=\"panel-layout\" ><div id=\"pg-182-0\"  class=\"panel-grid panel-has-style\" ><div style=\"padding: 10px 0; \" data-overlay=\"true\" data-overlay-color=\"#000000\" class=\"panel-row-style panel-row-style-for-182-0\" ><div id=\"pgc-182-0-0\"  class=\"panel-grid-cell\" ><div id=\"panel-182-0-0-0\" class=\"widget_text so-panel widget widget_custom_html panel-first-child panel-last-child\" data-index=\"0\" ><div style=\"text-align: left;\" data-title-color=\"#443f3f\" data-headings-color=\"#443f3f\" class=\"widget_text panel-widget-style panel-widget-style-for-182-0-0-0\" ><div class=\"textwidget custom-html-widget\">Dr. Dietmar Land<br \/>\nHochwildpfad 15<br \/>\n14169 Berlin<br \/>\nTelefon: +49 30 68810909<br \/>\nMobil: +49 163 1909438<br \/>\nE-Mail: <a target=\"_blank\" href=\"&#109;&#x61;&#105;&#x6c;&#116;&#x6f;&#58;&#x6d;&#97;&#x69;&#108;&#x40;&#100;&#x72;&#45;&#x6c;&#97;&#x6e;&#100;&#x2e;&#100;&#x65;\">&#x6d;&#97;&#105;l&#x40;&#x64;&#114;-&#x6c;&#x61;&#110;d&#x2e;&#x64;&#101;<\/a><br \/>\nSt.-Nr.: 25\/411\/00102 FA Berlin-Zehlendorf<br \/>\n<br \/>\nInhaltlich verantwortlich gem\u00e4\u00df \u00a7 55 Abs. 2 RStV: Dr. Dietmar Land (Anschrift wie oben)<br \/>\n<br \/>\nHaftungshinweis:<br \/>\nTrotz sorgf\u00e4ltiger inhaltlicher Kontrolle \u00fcbernehmen wir keine Haftung f\u00fcr die Inhalte externer Links.\nF\u00fcr den Inhalt der verlinkten Seiten sind ausschlie\u00dflich deren Betreiber verantwortlich.<br \/>\n<br \/>\nAlle Fotos: D. Land<br \/>\nEine Vervielf\u00e4ltigung oder Verwendung der Abbildungen, Fotografien und Texte usw. ist ohne ausdr\u00fcckliche schriftliche Genehmigung des Autors nicht gestattet.<br \/>\n<br \/>\nWebSite Konzept & Design:<br \/>\nHolger Steinbach<br \/>\n<a target=\"_blank\" href=\"http:\/\/www.steinbach-berlin.de\">www.steinbach-berlin.de<\/a><\/div><\/div><\/div><\/div><\/div><\/div><\/div>","protected":false},"excerpt":{"rendered":"<p>Dr. Dietmar Land Hochwildpfad 15 14169 Berlin Telefon: +49 30 68810909 Mobil: +49 163 1909438 E-Mail: &#109;&#x61;&#x69;l&#64;&#x64;r&#45;&#x6c;&#x61;n&#100;&#x2e;d&#101; St.-Nr.: 25\/411\/00102 FA Berlin-Zehlendorf Inhaltlich [&hellip;]<\/p>\n","protected":false},"author":1,"featured_media":0,"parent":0,"menu_order":0,"comment_status":"closed","ping_status":"closed","template":"","meta":{"footnotes":""},"class_list":["post-182","page","type-page","status-publish","hentry"],"_links":{"self":[{"href":"https:\/\/www.dr-land.de\/de\/wp-json\/wp\/v2\/pages\/182","targetHints":{"allow":["GET"]}}],"collection":[{"href":"https:\/\/www.dr-land.de\/de\/wp-json\/wp\/v2\/pages"}],"about":[{"href":"https:\/\/www.dr-land.de\/de\/wp-json\/wp\/v2\/types\/page"}],"author":[{"embeddable":true,"href":"https:\/\/www.dr-land.de\/de\/wp-json\/wp\/v2\/users\/1"}],"replies":[{"embeddable":true,"href":"https:\/\/www.dr-land.de\/de\/wp-json\/wp\/v2\/comments?post=182"}],"version-history":[{"count":0,"href":"https:\/\/www.dr-land.de\/de\/wp-json\/wp\/v2\/pages\/182\/revisions"}],"wp:attachment":[{"href":"https:\/\/www.dr-land.de\/de\/wp-json\/wp\/v2\/media?parent=182"}],"curies":[{"name":"wp","href":"https:\/\/api.w.org\/{rel}","templated":true}]}}